{"id":9089,"date":"2020-04-13T11:39:10","date_gmt":"2020-04-13T09:39:10","guid":{"rendered":"https:\/\/www.cateringladespensa.com\/?page_id=2424"},"modified":"2020-04-13T11:39:10","modified_gmt":"2020-04-13T09:39:10","slug":"politica-de-privacidad-y-aviso-legal","status":"publish","type":"page","link":"https:\/\/cateringladespensa.com\/?page_id=9089","title":{"rendered":"Pol\u00edtica de privacidad y Aviso legal"},"content":{"rendered":"<p style=\"text-align: justify;\"><a href=\"https:\/\/www.cateringladespensa.com\/politica-de-cookie-eu\/\" target=\"_blank\" rel=\"noopener noreferrer\"><strong>Ver tambi\u00e9n la Pol\u00edtica de Cookies<\/strong><\/a><\/p>\n<h2 style=\"text-align: justify;\">Aviso Legal y Condiciones de uso y privacidad<\/h2>\n<p style=\"text-align: justify;\">El aviso legal regula las condiciones, el acceso y la utilizaci\u00f3n de cateringladespensa (www.cateringladespensa.com), sus contenidos y servicios, puestos a disposici\u00f3n de los usuarios.<\/p>\n<p style=\"text-align: justify;\"><strong>Condiciones de uso <\/strong> cateringladespensa.com (www.cateringladespensa.com) es una Web meramente informativa que ofrece, a trav\u00e9s de Internet, informaci\u00f3n sobre nuestros servicio de catering.<\/p>\n<p style=\"text-align: justify;\">El usuario, ya sea en su modalidad de propietario o de mero buscador de informaci\u00f3n, se compromete a hacer un uso adecuado de los contenidos y servicios que www.cateringladespensa.com ofrece y a no emplearlos para incurrir en actividades il\u00edcitas, ilegales o contrarias a la buena fe y al orden p\u00fablico; difundir contenidos o propaganda de car\u00e1cter racista, xen\u00f3fobo, pornogr\u00e1fico, ilegal, de apolog\u00eda del terrorismo o atentatorio contra los derechos humanos; provocar da\u00f1os a www.puntocomuncia.tk o a terceras personas, introducir o difundir en la red virus inform\u00e1ticos o cualesquiera otros; intentar acceder y, en su caso, utilizar las cuentas de correo electr\u00f3nico de otros usuarios y modificar o manipular sus mensajes.<\/p>\n<p style=\"text-align: justify;\">www.cateringladespensa.com se reserva el derecho de efectuar sin previo aviso las modificaciones que considere oportunas en su Web, pudiendo cambiar, suprimir o a\u00f1adir tanto los contenidos y servicios que se presten a trav\u00e9s de la misma como la forma en la que estos aparezcan su Web.<\/p>\n<p style=\"text-align: justify;\">www.cateringladespensa.com perseguir\u00e1 el incumplimiento de las anteriores condiciones as\u00ed como cualquier utilizaci\u00f3n indebida de su Web ejerciendo todas las acciones civiles y penales que le puedan corresponder en derecho.<\/p>\n<p style=\"text-align: justify;\"><strong>Responsabilidad por el acceso y uso de los contenidos y servicios<\/strong> www.cateringladespensa.com proporciona noticias sobre su negocio de catering (comida para llevar). www.cateringladespensa.com es un mero intermediario en el suministro de esa informaci\u00f3n y se exime de cualquier responsabilidad derivada por la falta de exactitud, veracidad o calidad de dichos contenidos, que no son editados por www.cateringladespensa.com. Siempre que sea posible www.cateringladespensa.com velar\u00e1 por que dichos contenidos se ci\u00f1an fielmente a la realidad y se encuentren actualizados.<\/p>\n<p style=\"text-align: justify;\">www.cateringladespensa.com no podr\u00e1 ser considerada responsable por la opini\u00f3n de terceros que se muestren en el propio sitio o en espacios ajenos enlazados.<\/p>\n<p style=\"text-align: justify;\">www.cateringladespensa.com no podr\u00e1 ser considerada responsable del uso de nuestra Web por personas ajenas a la empresa o referencias que pudieran existir en p\u00e1ginas ajenas.<\/p>\n<p style=\"text-align: justify;\">www.cateringladespensa.com podr\u00e1 interrumpir, modificar o cancelar la Web o cualquiera de los servicios ofrecidos a los usuarios, en cualquier momento y sin previo aviso. En todo caso, www.cateringladespensa.com podr\u00e1 interrumpir el servicio a cualquier usuario que haga una utilizaci\u00f3n no \u00e9tica, ofensiva, ilegal, o incorrecta de los contenidos o servicios de www.cateringladespensa.com y \/o contraria a los intereses de la los mismos.<\/p>\n<p style=\"text-align: justify;\">www.cateringladespensa.com no ser\u00e1 responsable de las infracciones realizadas por los usuarios de su Web que afecten a terceros.<\/p>\n<p style=\"text-align: justify;\">www.cateringladespensa.com no garantiza la veracidad, exactitud, actualizaci\u00f3n privacidad, seguridad, disponibilidad y\/o continuidad de los contenidos y\/o servicios de terceros que se expongan directamente en su p\u00e1gina o a los que se tenga acceso a trav\u00e9s de enlaces (links), banners, botones, etc.<\/p>\n<p style=\"font-weight: bold; color: #ab0000; text-align: justify;\"><span style=\"color: #000000;\"><em style=\"font-style: italic;\">Tipos de \u2018cookies\u2019 utilizadas<\/em><\/span><\/p>\n<p style=\"color: #333333; text-align: justify;\"><em style=\"font-style: italic;\">Esta web utiliza tanto \u2018cookies\u2019 temporales de sesi\u00f3n como \u2018cookies\u2019 permanentes. Las \u2018cookies\u2019 de sesi\u00f3n almacenan datos \u00fanicamente mientras el usuario accede a la web y las \u2018cookies\u2019 permanentes almacenan los datos en el terminal para que sean accedidos y utilizados en m\u00e1s de una sesi\u00f3n.<\/em><\/p>\n<p style=\"color: #333333; text-align: justify;\"><em style=\"font-style: italic;\">Seg\u00fan la finalidad para la que se traten los datos obtenidos a trav\u00e9s de las \u2018cookies\u2019, el web puede utilizar:<\/em><\/p>\n<h4 style=\"font-weight: bold; color: #333333; text-align: justify;\"><em style=\"font-style: italic;\">\u2018Cookies\u2019 t\u00e9cnicas<\/em><\/h4>\n<p style=\"color: #333333; text-align: justify;\"><em style=\"font-style: italic;\">Son aqu\u00e9llas que permiten al usuario la navegaci\u00f3n a trav\u00e9s de la p\u00e1gina web o aplicaci\u00f3n y la utilizaci\u00f3n de las diferentes opciones o servicios que en ella existen. Por ejemplo, controlar el tr\u00e1fico y la comunicaci\u00f3n de datos, identificar la sesi\u00f3n, acceder a las partes web de acceso restringido, recordar los elementos que integran un pedido, realizar la solicitud de inscripci\u00f3n o participaci\u00f3n en un evento, utilizar elementos de seguridad durante la navegaci\u00f3n y almacenar contenidos para la difusi\u00f3n de videos o sonido.<\/em><\/p>\n<h4 style=\"font-weight: bold; color: #333333; text-align: justify;\"><em style=\"font-style: italic;\">\u2018Cookies\u2019 de personalizaci\u00f3n<\/em><\/h4>\n<p style=\"color: #333333; text-align: justify;\"><em style=\"font-style: italic;\">Son aqu\u00e9llas que permiten al usuario acceder al servicio con algunas caracter\u00edsticas de car\u00e1cter general predefinidas en su terminal o que el propio usuario defina. Por ejemplo, el idioma, el tipo de navegador a trav\u00e9s del cual accede al servicio, el dise\u00f1o de contenidos seleccionado, geolocalizaci\u00f3n del terminal y la configuraci\u00f3n regional desde donde se accede al servicio.<\/em><\/p>\n<h4 style=\"font-weight: bold; color: #333333; text-align: justify;\"><em style=\"font-style: italic;\">\u2018Cookies\u2019 publicitarias<\/em><\/h4>\n<p style=\"color: #333333; text-align: justify;\"><em style=\"font-style: italic;\">Son aqu\u00e9llas que permiten la gesti\u00f3n eficaz de los espacios publicitarios que se han incluido en la p\u00e1gina web o aplicaci\u00f3n desde la que se presta el servicio. Permiten adecuar el contenido de la publicidad para que esta sea relevante para el usuario y para evitar mostrar anuncios que el usuario ya haya visto.<\/em><\/p>\n<h4 style=\"font-weight: bold; color: #333333; text-align: justify;\"><em style=\"font-style: italic;\">\u2018Cookies\u2019 de an\u00e1lisis estad\u00edstico<\/em><\/h4>\n<p style=\"color: #333333; text-align: justify;\"><em style=\"font-style: italic;\">Son aqu\u00e9llas que permiten realizar el seguimiento y an\u00e1lisis del comportamiento de los usuarios en los sitios web. La informaci\u00f3n recogida mediante este tipo de \u2018cookies\u2019 se utiliza en la medici\u00f3n de la actividad de los sitios web, aplicaci\u00f3n o plataforma y para la elaboraci\u00f3n de perfiles de navegaci\u00f3n de los usuarios de dichos sitios, con el fin de introducir mejoras en el servicio en funci\u00f3n de los datos de uso que hacen los usuarios.<\/em><\/p>\n<h4 style=\"font-weight: bold; color: #333333; text-align: justify;\"><em style=\"font-style: italic;\">\u2018Cookies\u2019 de terceros<\/em><\/h4>\n<p style=\"color: #333333; text-align: justify;\"><em style=\"font-style: italic;\">En algunas p\u00e1ginas web se pueden instalar \u2018cookies\u2019 de terceros que permiten gestionar y mejorar los servicios ofrecidos. Como por ejemplo, servicios estad\u00edsticos de Google Analytics y Comscore.<\/em><\/p>\n<h4 style=\"font-weight: bold; color: #ab0000; text-align: justify;\"><span style=\"color: #000000;\"><em style=\"font-style: italic;\">\u00bfC\u00f3mo administrar \u2018cookies\u2019 en el navegador?<\/em><\/span><\/h4>\n<p style=\"color: #333333; text-align: justify;\"><em style=\"font-style: italic;\">El usuario tiene la opci\u00f3n de permitir, bloquear o eliminar las \u2018cookies\u2019 instaladas en su equipo mediante la configuraci\u00f3n de las opciones del navegador instalado en su terminal:<\/em><\/p>\n<p style=\"color: #333333; text-align: justify;\"><em style=\"font-style: italic;\">Para ajustar los permisos relacionados con las \u2018cookies\u2019 en el navegador\u00a0<strong style=\"font-weight: bold;\">Google Chrome<\/strong>:<\/em><\/p>\n<ul style=\"color: #444444; text-align: justify;\">\n<li style=\"color: #333333;\">\n<p style=\"color: #333333;\"><em style=\"font-style: italic;\">Hacer clic en el men\u00fa situado en la barra de herramientas.<\/em><\/p>\n<\/li>\n<li style=\"color: #333333;\">\n<p style=\"color: #333333;\"><em style=\"font-style: italic;\">Seleccionar\u00a0<strong style=\"font-weight: bold;\">Configuraci\u00f3n<\/strong>.<\/em><\/p>\n<\/li>\n<li style=\"color: #333333;\">\n<p style=\"color: #333333;\"><em style=\"font-style: italic;\">Hacer clic en\u00a0<strong style=\"font-weight: bold;\">Mostar opciones avanzadas<\/strong>.<\/em><\/p>\n<\/li>\n<li style=\"color: #333333;\">\n<p style=\"color: #333333;\"><em style=\"font-style: italic;\">En la secci\u00f3n \u2018Privacidad\u2019 hacer clic en el bot\u00f3n\u00a0<strong style=\"font-weight: bold;\">Configuraci\u00f3n de contenido<\/strong>.<\/em><\/p>\n<\/li>\n<li style=\"color: #333333;\">\n<p style=\"color: #333333;\"><em style=\"font-style: italic;\">En la secci\u00f3n de \u2018Cookies\u2019 se pueden configurar las opciones.<\/em><\/p>\n<\/li>\n<\/ul>\n<p style=\"color: #333333; text-align: justify;\"><em style=\"font-style: italic;\"><a style=\"font-weight: bold; color: #3e84b5;\" href=\"https:\/\/support.google.com\/chrome\/answer\/95647?hl=es\" target=\"_blank\" rel=\"nofollow noopener noreferrer\">M\u00e1s informaci\u00f3n sobre Google Chrome<\/a><\/em><\/p>\n<p style=\"color: #333333; text-align: justify;\"><em style=\"font-style: italic;\">Para ajustar los permisos relacionados con las \u2018cookies\u2019 en el navegador\u00a0<strong style=\"font-weight: bold;\">Mozilla Firefox<\/strong>:<\/em><\/p>\n<ul style=\"color: #444444; text-align: justify;\">\n<li style=\"color: #333333;\">\n<p style=\"color: #333333;\"><em style=\"font-style: italic;\">En la parte superior de la ventana de Firefox hacer clic en el men\u00fa\u00a0<strong style=\"font-weight: bold;\">Herramientas<\/strong>.<\/em><\/p>\n<\/li>\n<li style=\"color: #333333;\">\n<p style=\"color: #333333;\"><em style=\"font-style: italic;\">Seleccionar\u00a0<strong style=\"font-weight: bold;\">Opciones.<\/strong><\/em><\/p>\n<\/li>\n<li style=\"color: #333333;\">\n<p style=\"color: #333333;\"><em style=\"font-style: italic;\">Seleccionar el panel\u00a0<strong style=\"font-weight: bold;\">Privacidad<\/strong>.<\/em><\/p>\n<\/li>\n<li style=\"color: #333333;\">\n<p style=\"color: #333333;\"><em style=\"font-style: italic;\">En la opci\u00f3n Firefox podr\u00e1 elegir\u00a0<strong style=\"font-weight: bold;\">Usar una configuraci\u00f3n personalizada para el historial\u00a0<\/strong>para configurar las opciones.<\/em><\/p>\n<\/li>\n<\/ul>\n<p style=\"color: #333333; text-align: justify;\"><em style=\"font-style: italic;\"><a style=\"font-weight: bold; color: #3e84b5;\" href=\"https:\/\/support.mozilla.org\/es\/kb\/cookies-informacion-que-los-sitios-web-guardan-en-\" target=\"_blank\" rel=\"nofollow noopener noreferrer\">M\u00e1s informaci\u00f3n sobre Mozilla Firefox<\/a><\/em><\/p>\n<p style=\"color: #333333; text-align: justify;\"><em style=\"font-style: italic;\">Para ajustar los permisos relacionados con las \u2018cookies\u2019 en el navegador\u00a0<strong style=\"font-weight: bold;\">Internet Explorer 9<\/strong>:<\/em><\/p>\n<ul style=\"color: #444444; text-align: justify;\">\n<li style=\"color: #333333;\">\n<p style=\"color: #333333;\"><em style=\"font-style: italic;\">En la parte superior de la ventana de Internet Explorer hacer clic en el men\u00fa<strong style=\"font-weight: bold;\">Herramientas.<\/strong><\/em><\/p>\n<\/li>\n<li style=\"color: #333333;\">\n<p style=\"color: #333333;\"><em style=\"font-style: italic;\">Seleccionar la pesta\u00f1a de\u00a0<strong style=\"font-weight: bold;\">Seguridad<\/strong>\u00a0y utilizar la opci\u00f3n\u00a0<strong style=\"font-weight: bold;\">Eliminar el historial de exploraci\u00f3n<\/strong>\u00a0para eliminar las \u2018cookies\u2019. Activar la casilla\u00a0<strong style=\"font-weight: bold;\">\u2018Cookies\u2019\u00a0<\/strong>y, a continuaci\u00f3n, hacer clic en\u00a0<strong style=\"font-weight: bold;\">Eliminar<\/strong>.<\/em><\/p>\n<\/li>\n<li style=\"color: #333333;\">\n<p style=\"color: #333333;\"><em style=\"font-style: italic;\">Seleccionar la pesta\u00f1a de\u00a0<strong style=\"font-weight: bold;\">Seguridad<\/strong>\u00a0y acceder a\u00a0<strong style=\"font-weight: bold;\">Configuraci\u00f3n<\/strong>. Mover el control deslizante totalmente hacia arriba para bloquear todas las \u2018cookies\u2019 o totalmente hacia abajo para permitir todas las \u2018cookies\u2019. Tras ello, hacer clic en\u00a0<strong style=\"font-weight: bold;\">Aceptar<\/strong>.<\/em><\/p>\n<\/li>\n<\/ul>\n<p style=\"color: #333333; text-align: justify;\"><em style=\"font-style: italic;\"><a style=\"font-weight: bold; color: #3e84b5;\" href=\"http:\/\/windows.microsoft.com\/es-es\/windows7\/how-to-manage-cookies-in-internet-explorer-9\" target=\"_blank\" rel=\"nofollow noopener noreferrer\">M\u00e1s informaci\u00f3n sobre Internet Explorer 9<\/a><\/em><\/p>\n<p style=\"color: #333333; text-align: justify;\"><em style=\"font-style: italic;\">En caso de bloquear el uso de \u2018cookies\u2019 en su navegador es posible que algunos servicios o funcionalidades de la p\u00e1gina web no est\u00e9n disponibles.<\/em><\/p>\n<p style=\"color: #333333; text-align: justify;\"><em style=\"font-style: italic;\">En algunos navegadores se pueden configurar reglas espec\u00edficas para administrar \u2018cookies\u2019 por sitio web, lo que ofrece un control m\u00e1s preciso sobre la privacidad. Esto significa que se puede inhabilitar \u2018cookies\u2019 de todos los sitios salvo de aquellos en los que se conf\u00ede.<\/em><\/p>\n","protected":false},"excerpt":{"rendered":"<p>Ver tambi\u00e9n la Pol\u00edtica de Cookies Aviso Legal y Condiciones de uso y privacidad El aviso legal regula las condiciones, el acceso y la utilizaci\u00f3n de cateringladespensa (www.cateringladespensa.com), sus contenidos y servicios, puestos a disposici\u00f3n de los usuarios. Condiciones de uso cateringladespensa.com (www.cateringladespensa.com) es una Web meramente informativa que ofrece, a trav\u00e9s de Internet, informaci\u00f3n [&hellip;]<\/p>\n","protected":false},"author":1,"featured_media":0,"parent":0,"menu_order":0,"comment_status":"closed","ping_status":"closed","template":"","meta":{"footnotes":""},"class_list":["post-9089","page","type-page","status-publish","hentry"],"_links":{"self":[{"href":"https:\/\/cateringladespensa.com\/index.php?rest_route=\/wp\/v2\/pages\/9089","targetHints":{"allow":["GET"]}}],"collection":[{"href":"https:\/\/cateringladespensa.com\/index.php?rest_route=\/wp\/v2\/pages"}],"about":[{"href":"https:\/\/cateringladespensa.com\/index.php?rest_route=\/wp\/v2\/types\/page"}],"author":[{"embeddable":true,"href":"https:\/\/cateringladespensa.com\/index.php?rest_route=\/wp\/v2\/users\/1"}],"replies":[{"embeddable":true,"href":"https:\/\/cateringladespensa.com\/index.php?rest_route=%2Fwp%2Fv2%2Fcomments&post=9089"}],"version-history":[{"count":0,"href":"https:\/\/cateringladespensa.com\/index.php?rest_route=\/wp\/v2\/pages\/9089\/revisions"}],"wp:attachment":[{"href":"https:\/\/cateringladespensa.com\/index.php?rest_route=%2Fwp%2Fv2%2Fmedia&parent=9089"}],"curies":[{"name":"wp","href":"https:\/\/api.w.org\/{rel}","templated":true}]}}