{"id":9086,"date":"2013-02-14T18:17:57","date_gmt":"2013-02-14T16:17:57","guid":{"rendered":"http:\/\/www.cateringladespensa.com\/?page_id=19"},"modified":"2013-02-14T18:17:57","modified_gmt":"2013-02-14T16:17:57","slug":"donde-estamos","status":"publish","type":"page","link":"https:\/\/cateringladespensa.com\/?page_id=9086","title":{"rendered":"D\u00f3nde estamos"},"content":{"rendered":"<p><strong>Catering La Despensa<\/strong> se encuentra en la Avda. Ausias March, 50, Burjassot (Valencia).<\/p>\n<p>Nuestro tel\u00e9fono de contacto es <strong>963 63 49 91<\/strong> y el m\u00f3vil: <strong>670 33 54 39<\/strong>.<\/p>\n<p>Os adjuntamos un mapa de c\u00f3mo llegar (Google Maps):<\/p>\n<p><strong>C\u00f3mo llegar a Catering La Despensa:<\/strong><br \/>\n<iframe src=\"http:\/\/maps.google.es\/maps?hl=es&#038;q=Avda.+Ausias+March,+50,+Burjassot&#038;ie=UTF8&#038;hq=&#038;hnear=Calle+Ausi%C3%A0s+March,+50,+46100+Burjasot,+Valencia&#038;gl=es&#038;t=m&#038;ll=39.51351,-0.410957&#038;spn=0.031784,0.054932&#038;z=14&#038;iwloc=A&#038;output=embed\" width=\"640\" height=\"480\" frameborder=\"0\" marginwidth=\"0\" marginheight=\"0\" scrolling=\"no\"><\/iframe><br \/>\n<small><a style=\"color: #0000ff; text-align: left\" href=\"http:\/\/maps.google.es\/maps?hl=es&#038;q=Avda.+Ausias+March,+50,+Burjassot&#038;ie=UTF8&#038;hq=&#038;hnear=Calle+Ausi%C3%A0s+March,+50,+46100+Burjasot,+Valencia&#038;gl=es&#038;t=m&#038;ll=39.51351,-0.410957&#038;spn=0.031784,0.054932&#038;z=14&#038;iwloc=A&#038;source=embed\">Ver mapa m\u00e1s grande<\/a><\/small><\/p>\n<p>&nbsp;<\/p>\n","protected":false},"excerpt":{"rendered":"<p>Catering La Despensa se encuentra en la Avda. Ausias March, 50, Burjassot (Valencia). Nuestro tel\u00e9fono de contacto es 963 63 49 91 y el m\u00f3vil: 670 33 54 39. Os adjuntamos un mapa de c\u00f3mo llegar (Google Maps): C\u00f3mo llegar a Catering La Despensa: Ver mapa m\u00e1s grande &nbsp;<\/p>\n","protected":false},"author":1,"featured_media":0,"parent":0,"menu_order":0,"comment_status":"closed","ping_status":"closed","template":"","meta":{"footnotes":""},"class_list":["post-9086","page","type-page","status-publish","hentry"],"_links":{"self":[{"href":"https:\/\/cateringladespensa.com\/index.php?rest_route=\/wp\/v2\/pages\/9086","targetHints":{"allow":["GET"]}}],"collection":[{"href":"https:\/\/cateringladespensa.com\/index.php?rest_route=\/wp\/v2\/pages"}],"about":[{"href":"https:\/\/cateringladespensa.com\/index.php?rest_route=\/wp\/v2\/types\/page"}],"author":[{"embeddable":true,"href":"https:\/\/cateringladespensa.com\/index.php?rest_route=\/wp\/v2\/users\/1"}],"replies":[{"embeddable":true,"href":"https:\/\/cateringladespensa.com\/index.php?rest_route=%2Fwp%2Fv2%2Fcomments&post=9086"}],"version-history":[{"count":0,"href":"https:\/\/cateringladespensa.com\/index.php?rest_route=\/wp\/v2\/pages\/9086\/revisions"}],"wp:attachment":[{"href":"https:\/\/cateringladespensa.com\/index.php?rest_route=%2Fwp%2Fv2%2Fmedia&parent=9086"}],"curies":[{"name":"wp","href":"https:\/\/api.w.org\/{rel}","templated":true}]}}