{"id":9085,"date":"2013-02-14T17:15:12","date_gmt":"2013-02-14T16:15:12","guid":{"rendered":"http:\/\/www.cateringladespensa.com\/?page_id=17"},"modified":"2013-02-14T17:15:12","modified_gmt":"2013-02-14T16:15:12","slug":"contactar","status":"publish","type":"page","link":"https:\/\/cateringladespensa.com\/?page_id=9085","title":{"rendered":"Contactar"},"content":{"rendered":"<p style=\"text-align: justify;\"><img fetchpriority=\"high\" decoding=\"async\" class=\"alignright size-medium wp-image-1416\" src=\"http:\/\/www.cateringladespensa.com\/wp-content\/uploads\/2013\/02\/contactar-con-catering-la-despensa-300x201.jpg\" alt=\"Contactar con Catering La Despensa\" width=\"300\" height=\"201\" \/>Si desea contactar con<strong> Catering La Despensa<\/strong>, puede hacerlo llam\u00e1ndonos\u00a0a los tel\u00e9fonos:<\/p>\n<h2>670335439\/963634991<\/h2>\n<p style=\"text-align: justify;\">Nuestro horario de apertura del local<\/p>\n<p style=\"text-align: justify;\">Abrimos todos los d\u00edas\u00a0 de 9.30h. a 15.30h.<\/p>\n<p style=\"text-align: justify;\">Tel\u00e9fono m\u00f3vil: De Lunes a S\u00e1bado de 9.30h-20.00 h.<\/p>\n<p style=\"text-align: justify;\">kateringladespensa@gmail.com<\/p>\n<p style=\"text-align: justify;\">Encarga tu catering para cualquier d\u00eda de la semana.<\/p>\n<p>Tambi\u00e9n puede hacerlo a trav\u00e9s del siguiente formulario de contacto:<\/p>\n<p>[si-contact-form form=&#8217;1&#8242;]<\/p>\n","protected":false},"excerpt":{"rendered":"<p>Si desea contactar con Catering La Despensa, puede hacerlo llam\u00e1ndonos\u00a0a los tel\u00e9fonos: 670335439\/963634991 Nuestro horario de apertura del local Abrimos todos los d\u00edas\u00a0 de 9.30h. a 15.30h. Tel\u00e9fono m\u00f3vil: De Lunes a S\u00e1bado de 9.30h-20.00 h. kateringladespensa@gmail.com Encarga tu catering para cualquier d\u00eda de la semana. Tambi\u00e9n puede hacerlo a trav\u00e9s del siguiente formulario de [&hellip;]<\/p>\n","protected":false},"author":1,"featured_media":0,"parent":0,"menu_order":0,"comment_status":"closed","ping_status":"closed","template":"","meta":{"footnotes":""},"class_list":["post-9085","page","type-page","status-publish","hentry"],"_links":{"self":[{"href":"https:\/\/cateringladespensa.com\/index.php?rest_route=\/wp\/v2\/pages\/9085","targetHints":{"allow":["GET"]}}],"collection":[{"href":"https:\/\/cateringladespensa.com\/index.php?rest_route=\/wp\/v2\/pages"}],"about":[{"href":"https:\/\/cateringladespensa.com\/index.php?rest_route=\/wp\/v2\/types\/page"}],"author":[{"embeddable":true,"href":"https:\/\/cateringladespensa.com\/index.php?rest_route=\/wp\/v2\/users\/1"}],"replies":[{"embeddable":true,"href":"https:\/\/cateringladespensa.com\/index.php?rest_route=%2Fwp%2Fv2%2Fcomments&post=9085"}],"version-history":[{"count":0,"href":"https:\/\/cateringladespensa.com\/index.php?rest_route=\/wp\/v2\/pages\/9085\/revisions"}],"wp:attachment":[{"href":"https:\/\/cateringladespensa.com\/index.php?rest_route=%2Fwp%2Fv2%2Fmedia&parent=9085"}],"curies":[{"name":"wp","href":"https:\/\/api.w.org\/{rel}","templated":true}]}}